{"id":100,"date":"2025-07-12T09:18:33","date_gmt":"2025-07-12T09:18:33","guid":{"rendered":"http:\/\/skotosphoros.fr\/?page_id=100"},"modified":"2026-02-23T06:49:54","modified_gmt":"2026-02-23T06:49:54","slug":"diabolicus","status":"publish","type":"page","link":"https:\/\/skotosphoros.fr\/index.php\/diabolicus\/","title":{"rendered":"DIABOLICUS"},"content":{"rendered":"\n<p><\/p>\n\n\n\n<h2 class=\"wp-block-heading has-text-align-center\">|||<\/h2>\n\n\n\n<div class=\"wp-block-group alignfull has-global-padding is-layout-constrained wp-block-group-is-layout-constrained\" style=\"margin-top:0;margin-bottom:0\">\n<div class=\"wp-block-group alignwide has-global-padding is-layout-constrained wp-block-group-is-layout-constrained\">\n<div class=\"wp-block-group alignwide is-layout-flow wp-block-group-is-layout-flow\">\n<div style=\"height:34px\" aria-hidden=\"true\" class=\"wp-block-spacer\"><\/div>\n\n\n\n<div class=\"wp-block-columns is-layout-flex wp-container-core-columns-is-layout-28f84493 wp-block-columns-is-layout-flex\">\n<div class=\"wp-block-column is-layout-flow wp-block-column-is-layout-flow\">\n<div class=\"wp-block-cover is-light\"><img loading=\"lazy\" decoding=\"async\" width=\"1643\" height=\"1938\" class=\"wp-block-cover__image-background wp-image-221 size-full\" alt=\"\" src=\"https:\/\/skotosphoros.fr\/wp-content\/uploads\/2025\/07\/gnosis_colo_bruit-copie.jpg\" style=\"object-position:51% 50%\" data-object-fit=\"cover\" data-object-position=\"51% 50%\" srcset=\"https:\/\/skotosphoros.fr\/wp-content\/uploads\/2025\/07\/gnosis_colo_bruit-copie.jpg 1643w, https:\/\/skotosphoros.fr\/wp-content\/uploads\/2025\/07\/gnosis_colo_bruit-copie-254x300.jpg 254w, https:\/\/skotosphoros.fr\/wp-content\/uploads\/2025\/07\/gnosis_colo_bruit-copie-868x1024.jpg 868w, https:\/\/skotosphoros.fr\/wp-content\/uploads\/2025\/07\/gnosis_colo_bruit-copie-768x906.jpg 768w, https:\/\/skotosphoros.fr\/wp-content\/uploads\/2025\/07\/gnosis_colo_bruit-copie-1302x1536.jpg 1302w\" sizes=\"auto, (max-width: 1643px) 100vw, 1643px\" \/><span aria-hidden=\"true\" class=\"wp-block-cover__background has-background-dim\" style=\"background-color:#caaf8b\"><\/span><div class=\"wp-block-cover__inner-container is-layout-flow wp-block-cover-is-layout-flow\">\n<h2 class=\"wp-block-heading\"><mark style=\"background-color:rgba(0, 0, 0, 0)\" class=\"has-inline-color has-base-color\">Galerie &#8211;<\/mark> <a href=\"https:\/\/skotosphoros.fr\/index.php\/undecimus\/\" data-type=\"page\" data-id=\"274\">Aper\u00e7u<\/a><\/h2>\n\n\n\n<p><\/p>\n<\/div><\/div>\n<\/div>\n\n\n\n<div class=\"wp-block-column is-layout-flow wp-block-column-is-layout-flow\">\n<p><em>Hortus Undecimus<\/em>. Selon Agrippa, le nombre onze est le nombre des p\u00e9ch\u00e9s, et n&#8217;a aucune communication avec les choses divines ni les choses c\u00e9lestes. M\u00ealant macabre, \u00e9rotisme et occultisme, cet ouvrage est inspir\u00e9 des grimoires m\u00e9di\u00e9vaux de magie plan\u00e9taire, des visions de l&#8217;Apocalypse ou encore de l&#8217;Ars Notoria, dont il d\u00e9tourne les symboles pour r\u00e9v\u00e9ler les cl\u00e9s d&#8217;un savoir cach\u00e9.<\/p>\n<\/div>\n<\/div>\n<\/div>\n<\/div>\n\n\n\n<div style=\"height:25px\" aria-hidden=\"true\" class=\"wp-block-spacer\"><\/div>\n\n\n\n<h2 class=\"wp-block-heading has-text-align-center\">QUEER BLACK MAGYCK<\/h2>\n\n\n\n<div style=\"height:31px\" aria-hidden=\"true\" class=\"wp-block-spacer\"><\/div>\n\n\n\n<div class=\"wp-block-columns alignwide is-layout-flex wp-container-core-columns-is-layout-28f84493 wp-block-columns-is-layout-flex\">\n<div class=\"wp-block-column is-layout-flow wp-block-column-is-layout-flow\">\n<div class=\"wp-block-cover\"><img loading=\"lazy\" decoding=\"async\" width=\"600\" height=\"813\" class=\"wp-block-cover__image-background wp-image-328 size-full\" alt=\"\" src=\"https:\/\/skotosphoros.fr\/wp-content\/uploads\/2025\/12\/qbm.png\" data-object-fit=\"cover\" srcset=\"https:\/\/skotosphoros.fr\/wp-content\/uploads\/2025\/12\/qbm.png 600w, https:\/\/skotosphoros.fr\/wp-content\/uploads\/2025\/12\/qbm-221x300.png 221w\" sizes=\"auto, (max-width: 600px) 100vw, 600px\" \/><span aria-hidden=\"true\" class=\"wp-block-cover__background has-background-dim\" style=\"background-color:#705b4c\"><\/span><div class=\"wp-block-cover__inner-container is-layout-flow wp-block-cover-is-layout-flow\">\n<h2 class=\"wp-block-heading has-text-align-center\"><mark style=\"background-color:rgba(0, 0, 0, 0)\" class=\"has-inline-color has-base-color\">\u00e0 venir<\/mark><\/h2>\n\n\n\n<p class=\"has-text-align-center\"><\/p>\n\n\n\n<p class=\"has-text-align-center\"><\/p>\n<\/div><\/div>\n<\/div>\n\n\n\n<div class=\"wp-block-column is-layout-flow wp-block-column-is-layout-flow\">\n<p class=\"has-text-align-center\"><em>A venir<\/em><\/p>\n<\/div>\n<\/div>\n<\/div>\n\n\n\n<div style=\"height:44px\" aria-hidden=\"true\" class=\"wp-block-spacer\"><\/div>\n\n\n\n<h2 class=\"wp-block-heading has-text-align-center\">CADAVERUM ARCANA<\/h2>\n\n\n\n<div class=\"wp-block-group alignfull has-global-padding is-layout-constrained wp-block-group-is-layout-constrained\" style=\"margin-top:0;margin-bottom:0\">\n<div class=\"wp-block-group alignwide has-global-padding is-layout-constrained wp-block-group-is-layout-constrained\">\n<div class=\"wp-block-group alignwide is-layout-flow wp-block-group-is-layout-flow\">\n<div style=\"height:34px\" aria-hidden=\"true\" class=\"wp-block-spacer\"><\/div>\n\n\n\n<div class=\"wp-block-columns is-layout-flex wp-container-core-columns-is-layout-28f84493 wp-block-columns-is-layout-flex\">\n<div class=\"wp-block-column is-layout-flow wp-block-column-is-layout-flow\">\n<div class=\"wp-block-cover\"><img loading=\"lazy\" decoding=\"async\" width=\"503\" height=\"911\" class=\"wp-block-cover__image-background wp-image-324 size-full\" alt=\"\" src=\"https:\/\/skotosphoros.fr\/wp-content\/uploads\/2025\/12\/empereur.png\" style=\"object-position:50% 11%\" data-object-fit=\"cover\" data-object-position=\"50% 11%\" srcset=\"https:\/\/skotosphoros.fr\/wp-content\/uploads\/2025\/12\/empereur.png 503w, https:\/\/skotosphoros.fr\/wp-content\/uploads\/2025\/12\/empereur-166x300.png 166w\" sizes=\"auto, (max-width: 503px) 100vw, 503px\" \/><span aria-hidden=\"true\" class=\"wp-block-cover__background has-background-dim\" style=\"background-color:#88786b\"><\/span><div class=\"wp-block-cover__inner-container is-layout-flow wp-block-cover-is-layout-flow\">\n<h2 class=\"wp-block-heading has-text-align-center\"><mark style=\"background-color:rgba(0, 0, 0, 0)\" class=\"has-inline-color has-base-color\">\u00e0 venir<\/mark><\/h2>\n<\/div><\/div>\n<\/div>\n\n\n\n<div class=\"wp-block-column is-layout-flow wp-block-column-is-layout-flow\">\n<p>Tarot en d\u00e9composition.<\/p>\n\n\n\n<p>Les lames classiques sont pr\u00e9sentes, mais \u00e9tranges et perverties.<\/p>\n<\/div>\n<\/div>\n<\/div>\n<\/div>\n<\/div>\n\n\n\n<div class=\"wp-block-group alignfull is-layout-flow wp-block-group-is-layout-flow\">\n<div class=\"wp-block-group alignfull has-global-padding is-layout-constrained wp-block-group-is-layout-constrained\" style=\"padding-top:var(--wp--preset--spacing--50);padding-bottom:var(--wp--preset--spacing--50)\">\n<h2 class=\"wp-block-heading has-text-align-center\">GOETIA<\/h2>\n\n\n\n<p class=\"has-text-align-center\">Une s\u00e9rie de trois volumes d\u00e9di\u00e9e \u00e0 l&#8217;exploration des figures d\u00e9moniaques pr\u00e9sentes dans les grimoires tels que le Lemegeton ou le Pseudomonarchia Daemonum. Les classifications et hi\u00e9rarchies classiques sont ici enti\u00e8rement revisit\u00e9es.<\/p>\n<\/div>\n<\/div>\n\n\n\n<div class=\"wp-block-group alignfull has-global-padding is-layout-constrained wp-block-group-is-layout-constrained\" style=\"margin-top:0;margin-bottom:0\">\n<div style=\"height:var(--wp--preset--spacing--30)\" aria-hidden=\"true\" class=\"wp-block-spacer\"><\/div>\n\n\n\n<div class=\"wp-block-query alignwide is-layout-flow wp-block-query-is-layout-flow\"><div class=\"wp-block-query-no-results\">\n\n<div class=\"wp-block-columns is-layout-flex wp-container-core-columns-is-layout-28f84493 wp-block-columns-is-layout-flex\">\n<div class=\"wp-block-column is-layout-flow wp-block-column-is-layout-flow\">\n<div class=\"wp-block-cover\"><img loading=\"lazy\" decoding=\"async\" width=\"724\" height=\"1024\" class=\"wp-block-cover__image-background wp-image-101\" alt=\"\" src=\"https:\/\/skotosphoros.fr\/wp-content\/uploads\/2025\/07\/dos_couv-copie-724x1024.jpg\" data-object-fit=\"cover\" srcset=\"https:\/\/skotosphoros.fr\/wp-content\/uploads\/2025\/07\/dos_couv-copie-724x1024.jpg 724w, https:\/\/skotosphoros.fr\/wp-content\/uploads\/2025\/07\/dos_couv-copie-212x300.jpg 212w, https:\/\/skotosphoros.fr\/wp-content\/uploads\/2025\/07\/dos_couv-copie-768x1086.jpg 768w, https:\/\/skotosphoros.fr\/wp-content\/uploads\/2025\/07\/dos_couv-copie-1086x1536.jpg 1086w, https:\/\/skotosphoros.fr\/wp-content\/uploads\/2025\/07\/dos_couv-copie-1449x2048.jpg 1449w, https:\/\/skotosphoros.fr\/wp-content\/uploads\/2025\/07\/dos_couv-copie.jpg 1648w\" sizes=\"auto, (max-width: 724px) 100vw, 724px\" \/><span aria-hidden=\"true\" class=\"wp-block-cover__background has-background-dim\"><\/span><div class=\"wp-block-cover__inner-container is-layout-flow wp-block-cover-is-layout-flow\">\n<h2 class=\"wp-block-heading\">Premier Volume &#8211; <a href=\"https:\/\/skotosphoros.fr\/index.php\/via-babalonis\/\" data-type=\"page\" data-id=\"106\">Via Babalonis<\/a><\/h2>\n<\/div><\/div>\n<\/div>\n\n\n\n<div class=\"wp-block-column is-layout-flow wp-block-column-is-layout-flow\">\n<div class=\"wp-block-columns is-layout-flex wp-container-core-columns-is-layout-28f84493 wp-block-columns-is-layout-flex\">\n<div class=\"wp-block-column is-layout-flow wp-block-column-is-layout-flow\">\n<figure class=\"wp-block-image size-large\"><img loading=\"lazy\" decoding=\"async\" width=\"1024\" height=\"877\" src=\"https:\/\/skotosphoros.fr\/wp-content\/uploads\/2025\/07\/photovb2b-copie-1024x877.jpg\" alt=\"\" class=\"wp-image-234\" srcset=\"https:\/\/skotosphoros.fr\/wp-content\/uploads\/2025\/07\/photovb2b-copie-1024x877.jpg 1024w, https:\/\/skotosphoros.fr\/wp-content\/uploads\/2025\/07\/photovb2b-copie-300x257.jpg 300w, https:\/\/skotosphoros.fr\/wp-content\/uploads\/2025\/07\/photovb2b-copie-768x658.jpg 768w, https:\/\/skotosphoros.fr\/wp-content\/uploads\/2025\/07\/photovb2b-copie-1536x1315.jpg 1536w, https:\/\/skotosphoros.fr\/wp-content\/uploads\/2025\/07\/photovb2b-copie-2048x1753.jpg 2048w\" sizes=\"auto, (max-width: 1024px) 100vw, 1024px\" \/><\/figure>\n<\/div>\n\n\n\n<div class=\"wp-block-column is-layout-flow wp-block-column-is-layout-flow\">\n<figure class=\"wp-block-image size-full\"><img loading=\"lazy\" decoding=\"async\" width=\"804\" height=\"809\" src=\"https:\/\/skotosphoros.fr\/wp-content\/uploads\/2025\/07\/vb1bis-copie.jpg\" alt=\"\" class=\"wp-image-233\" srcset=\"https:\/\/skotosphoros.fr\/wp-content\/uploads\/2025\/07\/vb1bis-copie.jpg 804w, https:\/\/skotosphoros.fr\/wp-content\/uploads\/2025\/07\/vb1bis-copie-298x300.jpg 298w, https:\/\/skotosphoros.fr\/wp-content\/uploads\/2025\/07\/vb1bis-copie-150x150.jpg 150w, https:\/\/skotosphoros.fr\/wp-content\/uploads\/2025\/07\/vb1bis-copie-768x773.jpg 768w\" sizes=\"auto, (max-width: 804px) 100vw, 804px\" \/><\/figure>\n<\/div>\n<\/div>\n\n\n\n<p>Premier Volume : la Voie de la M\u00e8re. Quelques aper\u00e7us disponibles dans la <a href=\"https:\/\/skotosphoros.fr\/index.php\/via-babalonis\/\" data-type=\"page\" data-id=\"106\">galerie<\/a>.<\/p>\n\n\n\n<p>16,6x24cm, 33 d\u00e9mons, 78 pages<\/p>\n<\/div>\n<\/div>\n\n<\/div><\/div>\n\n\n\n<div style=\"height:var(--wp--preset--spacing--30)\" aria-hidden=\"true\" class=\"wp-block-spacer\"><\/div>\n<\/div>\n\n\n\n<div class=\"wp-block-group alignfull has-global-padding is-layout-constrained wp-block-group-is-layout-constrained\" style=\"margin-top:0;margin-bottom:0\">\n<div class=\"wp-block-group alignwide has-global-padding is-layout-constrained wp-block-group-is-layout-constrained\">\n<div class=\"wp-block-group alignwide is-layout-flow wp-block-group-is-layout-flow\">\n<div style=\"height:34px\" aria-hidden=\"true\" class=\"wp-block-spacer\"><\/div>\n\n\n\n<div class=\"wp-block-columns is-layout-flex wp-container-core-columns-is-layout-28f84493 wp-block-columns-is-layout-flex\">\n<div class=\"wp-block-column is-layout-flow wp-block-column-is-layout-flow\">\n<div class=\"wp-block-cover\"><img loading=\"lazy\" decoding=\"async\" width=\"724\" height=\"1024\" class=\"wp-block-cover__image-background wp-image-101\" alt=\"\" src=\"https:\/\/skotosphoros.fr\/wp-content\/uploads\/2025\/07\/dos_couv-copie-724x1024.jpg\" data-object-fit=\"cover\" srcset=\"https:\/\/skotosphoros.fr\/wp-content\/uploads\/2025\/07\/dos_couv-copie-724x1024.jpg 724w, https:\/\/skotosphoros.fr\/wp-content\/uploads\/2025\/07\/dos_couv-copie-212x300.jpg 212w, https:\/\/skotosphoros.fr\/wp-content\/uploads\/2025\/07\/dos_couv-copie-768x1086.jpg 768w, https:\/\/skotosphoros.fr\/wp-content\/uploads\/2025\/07\/dos_couv-copie-1086x1536.jpg 1086w, https:\/\/skotosphoros.fr\/wp-content\/uploads\/2025\/07\/dos_couv-copie-1449x2048.jpg 1449w, https:\/\/skotosphoros.fr\/wp-content\/uploads\/2025\/07\/dos_couv-copie.jpg 1648w\" sizes=\"auto, (max-width: 724px) 100vw, 724px\" \/><span aria-hidden=\"true\" class=\"wp-block-cover__background has-background-dim\"><\/span><div class=\"wp-block-cover__inner-container is-layout-flow wp-block-cover-is-layout-flow\">\n<h2 class=\"wp-block-heading\">Second Volume &#8211; \u00e0 venir<\/h2>\n\n\n\n<p><\/p>\n<\/div><\/div>\n<\/div>\n\n\n\n<div class=\"wp-block-column is-layout-flow wp-block-column-is-layout-flow\">\n<p>Second Volume : la Voie de l&#8217;Enfant Rebelle.<\/p>\n<\/div>\n<\/div>\n<\/div>\n<\/div>\n<\/div>\n\n\n\n<div style=\"height:39px\" aria-hidden=\"true\" class=\"wp-block-spacer\"><\/div>\n\n\n\n<div class=\"wp-block-group alignfull has-global-padding is-layout-constrained wp-block-group-is-layout-constrained\" style=\"margin-top:0;margin-bottom:0\">\n<div class=\"wp-block-group alignwide has-global-padding is-layout-constrained wp-block-group-is-layout-constrained\">\n<div class=\"wp-block-group alignwide is-layout-flow wp-block-group-is-layout-flow\">\n<div style=\"height:34px\" aria-hidden=\"true\" class=\"wp-block-spacer\"><\/div>\n\n\n\n<div class=\"wp-block-columns is-layout-flex wp-container-core-columns-is-layout-28f84493 wp-block-columns-is-layout-flex\">\n<div class=\"wp-block-column is-layout-flow wp-block-column-is-layout-flow\">\n<div class=\"wp-block-cover\"><img loading=\"lazy\" decoding=\"async\" width=\"724\" height=\"1024\" class=\"wp-block-cover__image-background wp-image-101\" alt=\"\" src=\"https:\/\/skotosphoros.fr\/wp-content\/uploads\/2025\/07\/dos_couv-copie-724x1024.jpg\" data-object-fit=\"cover\" srcset=\"https:\/\/skotosphoros.fr\/wp-content\/uploads\/2025\/07\/dos_couv-copie-724x1024.jpg 724w, https:\/\/skotosphoros.fr\/wp-content\/uploads\/2025\/07\/dos_couv-copie-212x300.jpg 212w, https:\/\/skotosphoros.fr\/wp-content\/uploads\/2025\/07\/dos_couv-copie-768x1086.jpg 768w, https:\/\/skotosphoros.fr\/wp-content\/uploads\/2025\/07\/dos_couv-copie-1086x1536.jpg 1086w, https:\/\/skotosphoros.fr\/wp-content\/uploads\/2025\/07\/dos_couv-copie-1449x2048.jpg 1449w, https:\/\/skotosphoros.fr\/wp-content\/uploads\/2025\/07\/dos_couv-copie.jpg 1648w\" sizes=\"auto, (max-width: 724px) 100vw, 724px\" \/><span aria-hidden=\"true\" class=\"wp-block-cover__background has-background-dim\"><\/span><div class=\"wp-block-cover__inner-container is-layout-flow wp-block-cover-is-layout-flow\">\n<h2 class=\"wp-block-heading\">Troisi\u00e8me Volume &#8211; \u00e0 venir<\/h2>\n\n\n\n<p><\/p>\n<\/div><\/div>\n<\/div>\n\n\n\n<div class=\"wp-block-column is-layout-flow wp-block-column-is-layout-flow\">\n<p>Troisi\u00e8me volume : la Voie du Corps.<\/p>\n<\/div>\n<\/div>\n<\/div>\n<\/div>\n<\/div>\n","protected":false},"excerpt":{"rendered":"<p>||| Hortus Undecimus. Selon Agrippa, le nombre onze est le nombre des p\u00e9ch\u00e9s, et n&#8217;a aucune communication avec les choses divines ni les choses c\u00e9lestes. M\u00ealant macabre, \u00e9rotisme et occultisme, cet ouvrage est inspir\u00e9 des grimoires m\u00e9di\u00e9vaux de magie plan\u00e9taire, des visions de l&#8217;Apocalypse ou encore de l&#8217;Ars Notoria, dont il d\u00e9tourne les symboles pour [&hellip;]<\/p>\n","protected":false},"author":1,"featured_media":0,"parent":0,"menu_order":0,"comment_status":"closed","ping_status":"closed","template":"","meta":{"footnotes":""},"class_list":["post-100","page","type-page","status-publish","hentry"],"_links":{"self":[{"href":"https:\/\/skotosphoros.fr\/index.php\/wp-json\/wp\/v2\/pages\/100","targetHints":{"allow":["GET"]}}],"collection":[{"href":"https:\/\/skotosphoros.fr\/index.php\/wp-json\/wp\/v2\/pages"}],"about":[{"href":"https:\/\/skotosphoros.fr\/index.php\/wp-json\/wp\/v2\/types\/page"}],"author":[{"embeddable":true,"href":"https:\/\/skotosphoros.fr\/index.php\/wp-json\/wp\/v2\/users\/1"}],"replies":[{"embeddable":true,"href":"https:\/\/skotosphoros.fr\/index.php\/wp-json\/wp\/v2\/comments?post=100"}],"version-history":[{"count":20,"href":"https:\/\/skotosphoros.fr\/index.php\/wp-json\/wp\/v2\/pages\/100\/revisions"}],"predecessor-version":[{"id":334,"href":"https:\/\/skotosphoros.fr\/index.php\/wp-json\/wp\/v2\/pages\/100\/revisions\/334"}],"wp:attachment":[{"href":"https:\/\/skotosphoros.fr\/index.php\/wp-json\/wp\/v2\/media?parent=100"}],"curies":[{"name":"wp","href":"https:\/\/api.w.org\/{rel}","templated":true}]}}