{"id":264,"date":"2025-07-13T09:17:15","date_gmt":"2025-07-13T09:17:15","guid":{"rendered":"https:\/\/skotosphoros.fr\/?page_id=264"},"modified":"2025-07-13T19:40:29","modified_gmt":"2025-07-13T19:40:29","slug":"sui-generis","status":"publish","type":"page","link":"https:\/\/skotosphoros.fr\/index.php\/sui-generis\/","title":{"rendered":"SUI GENERIS"},"content":{"rendered":"\n<div style=\"height:100px\" aria-hidden=\"true\" class=\"wp-block-spacer\"><\/div>\n\n\n\n<div class=\"wp-block-columns alignwide is-layout-flex wp-container-core-columns-is-layout-28f84493 wp-block-columns-is-layout-flex\">\n<div class=\"wp-block-column is-layout-flow wp-block-column-is-layout-flow\">\n<figure class=\"wp-block-image size-full\"><img loading=\"lazy\" decoding=\"async\" width=\"654\" height=\"660\" src=\"https:\/\/skotosphoros.fr\/wp-content\/uploads\/2025\/07\/suigenerisb-copie.jpg\" alt=\"\" class=\"wp-image-265\" srcset=\"https:\/\/skotosphoros.fr\/wp-content\/uploads\/2025\/07\/suigenerisb-copie.jpg 654w, https:\/\/skotosphoros.fr\/wp-content\/uploads\/2025\/07\/suigenerisb-copie-297x300.jpg 297w, https:\/\/skotosphoros.fr\/wp-content\/uploads\/2025\/07\/suigenerisb-copie-150x150.jpg 150w\" sizes=\"auto, (max-width: 654px) 100vw, 654px\" \/><\/figure>\n<\/div>\n\n\n\n<div class=\"wp-block-column is-layout-flow wp-block-column-is-layout-flow\">\n<p>Artiste, queer, sataniste, je fais miens les domaines infernaux, traditionnellement associ\u00e9s aux marginaux et aux parias. Ayant \u00e0 coeur d&#8217;offrir \u00e0 ces univers les repr\u00e9sentations queer dont ils manquent trop souvent, l&#8217;identit\u00e9 de genre et la sexualit\u00e9 alternative sont au centre de mon travail. <\/p>\n\n\n\n<p>Mes d\u00e9mon-es sont ambigu-es, parfois f\u00e9roces, toujours fier-es de ce qu&#8217;iels sont. L&#8217;inqui\u00e9tude qu&#8217;iels peuvent susciter fait int\u00e9gralement partie de leur pouvoir d&#8217;attraction.<\/p>\n\n\n\n<p><br>Mes cr\u00e9ations s&#8217;inspirent de l&#8217;art m\u00e9di\u00e9val ainsi que des grimoires de la Renaissance, et s&#8217;appuient sur un solide bagage \u00e9sot\u00e9rique, notamment l&#8217;\u00e9tude des Papyrus Grecs Magiques, de la magie dite salomonique, mais aussi de mouvements plus r\u00e9cents tels que l&#8217;oeuvre d&#8217;Austin Osman Spare ou le satanisme anticosmique.<\/p>\n<\/div>\n<\/div>\n\n\n\n<div style=\"height:64px\" aria-hidden=\"true\" class=\"wp-block-spacer\"><\/div>\n\n\n\n<div class=\"wp-block-buttons alignwide is-content-justification-center is-layout-flex wp-container-core-buttons-is-layout-a89b3969 wp-block-buttons-is-layout-flex\">\n<div class=\"wp-block-button is-style-outline is-style-outline--1\"><a class=\"wp-block-button__link wp-element-button\" href=\"https:\/\/skotosphoros.fr\/index.php\/contact\/\">CONTACT<\/a><\/div>\n<\/div>\n\n\n\n<p><\/p>\n","protected":false},"excerpt":{"rendered":"<p>Artiste, queer, sataniste, je fais miens les domaines infernaux, traditionnellement associ\u00e9s aux marginaux et aux parias. Ayant \u00e0 coeur d&#8217;offrir \u00e0 ces univers les repr\u00e9sentations queer dont ils manquent trop souvent, l&#8217;identit\u00e9 de genre et la sexualit\u00e9 alternative sont au centre de mon travail. Mes d\u00e9mon-es sont ambigu-es, parfois f\u00e9roces, toujours fier-es de ce qu&#8217;iels [&hellip;]<\/p>\n","protected":false},"author":1,"featured_media":0,"parent":0,"menu_order":0,"comment_status":"closed","ping_status":"closed","template":"","meta":{"footnotes":""},"class_list":["post-264","page","type-page","status-publish","hentry"],"_links":{"self":[{"href":"https:\/\/skotosphoros.fr\/index.php\/wp-json\/wp\/v2\/pages\/264","targetHints":{"allow":["GET"]}}],"collection":[{"href":"https:\/\/skotosphoros.fr\/index.php\/wp-json\/wp\/v2\/pages"}],"about":[{"href":"https:\/\/skotosphoros.fr\/index.php\/wp-json\/wp\/v2\/types\/page"}],"author":[{"embeddable":true,"href":"https:\/\/skotosphoros.fr\/index.php\/wp-json\/wp\/v2\/users\/1"}],"replies":[{"embeddable":true,"href":"https:\/\/skotosphoros.fr\/index.php\/wp-json\/wp\/v2\/comments?post=264"}],"version-history":[{"count":2,"href":"https:\/\/skotosphoros.fr\/index.php\/wp-json\/wp\/v2\/pages\/264\/revisions"}],"predecessor-version":[{"id":309,"href":"https:\/\/skotosphoros.fr\/index.php\/wp-json\/wp\/v2\/pages\/264\/revisions\/309"}],"wp:attachment":[{"href":"https:\/\/skotosphoros.fr\/index.php\/wp-json\/wp\/v2\/media?parent=264"}],"curies":[{"name":"wp","href":"https:\/\/api.w.org\/{rel}","templated":true}]}}